{"id":146,"date":"2021-01-31T01:23:07","date_gmt":"2021-01-31T01:23:07","guid":{"rendered":"https:\/\/isabelesartori.com.br\/index.php\/empowerwp-pro\/"},"modified":"2024-04-16T18:10:14","modified_gmt":"2024-04-16T18:10:14","slug":"a-melhor-versao-de-voce-mesmo","status":"publish","type":"page","link":"https:\/\/isabelesartori.com.br\/","title":{"rendered":"Voc\u00ea precisa e pode mudar para melhor"},"content":{"rendered":"<div  id=\"overlappable-1\" data-label=\"Overlappable\" data-id=\"overlappable-7-mc\" data-export-id=\"overlappable-7-mc\" data-category=\"overlappable\" class=\"overlappable-7-mc content-section content-section-spacing\" data-overlap=\"true\"><div  class=\"gridContainer\"> <div  data-type=\"row\" class=\"row shadow\"><div  class=\"col-xs-12 col-sm-6 col-md-3 col-padding-small col-padding-small-xs bg-color-white\"> <div  class=\"text-center\"><div  class=\"col-xs-12 col-sm-fit space-bottom-small-xs\"> <i  class=\"fa icon fa-exclamation-triangle large color1\"><\/i><\/div> <div  data-type=\"column\" class=\"col-xs-12 col-sm\"><h4  class=\"\"><span  style=\"color: rgb(238, 182, 183);\">Preocupa\u00e7\u00f5es excessivas<\/span><\/h4> <p  class=\"\">desde acordar, at\u00e9 a<br >\nhora de dormir, constantemente preocupado com o futuro<\/p><\/div> <\/div><\/div> <div  class=\"col-xs-12 col-sm-6 col-md-3 col-padding-small col-padding-small-xs bg-color-white\"><div  class=\"text-center\"> <div  class=\"col-xs-12 col-sm-fit space-bottom-small-xs\"><i  class=\"fa icon fa-heartbeat large color1\"><\/i><\/div> <div  data-type=\"column\" class=\"col-xs-12 col-sm\"><h4  class=\"\"><span  style=\"color: rgb(238, 182, 183);\">Cora\u00e7\u00e3o acelerado<\/span><\/h4> <p  class=\"\">sudorese, tremor e tens\u00e3o. Falta de controle do pr\u00f3prio corpo<\/p><\/div> <\/div><\/div> <div  class=\"col-xs-12 col-sm-6 col-md-3 col-padding-small col-padding-small-xs bg-color-white\"><div  class=\"text-center\"> <div  class=\"col-xs-12 col-sm-fit space-bottom-small-xs\"><i  class=\"fa icon fa-optin-monster large color1\"><\/i><\/div> <div  data-type=\"column\" class=\"col-xs-12 col-sm\"><h4  class=\"\"><span  style=\"color: rgb(238, 182, 183);\">Medos irracionais<\/span><\/h4> <p  class=\"\">&nbsp;Medo da morte e sensa\u00e7\u00e3o de que algo muito ruim<br >\nir\u00e1 acontecer<\/p><\/div> <\/div><\/div> <div  class=\"col-xs-12 col-sm-6 col-md-3 col-padding-small col-padding-small-xs bg-color-white\"><div  class=\"text-center\"> <div  class=\"col-xs-12 col-sm-fit space-bottom-small-xs\"><i  class=\"fa icon fa-grav large color1\"><\/i><\/div> <div  data-type=\"column\" class=\"col-xs-12 col-sm\"><h4  class=\"\"><span  style=\"color: rgb(238, 182, 183);\">Fuga<\/span><\/h4> <p  class=\"\">das situa\u00e7\u00f5es que possam desencadear ansiedade, o que limita a sua vida<\/p><\/div> <\/div><\/div> <\/div><\/div> <\/div><div  data-label=\"Overlappable\" data-id=\"overlappable--1\" data-export-id=\"overlappable-3\" data-category=\"overlappable\" class=\"overlappable-3 content-section content-section-spacing\" data-overlap=\"true\" id=\"overlappable-2\" style=\"background-color: rgb(255, 255, 255);\"><div  class=\"gridContainer\"> <div  class=\"row bg-color-white shadow-medium\"><div  class=\"col-xs-12 col-sm-6 image-col first-image-col\" data-bg=\"image\" style=\"background-image: url(&quot;https:\/\/isabelesartori.com.br\/wp-content\/uploads\/2024\/03\/cropped-young-beautiful-worker-holding-magnifier-scaled-1.jpg&quot;);\"><\/div> <div  class=\"col-xs-12 col-sm-6 content-col col-padding col-padding-xs\"> <div  class=\"col-padding\" data-type=\"column\"> <h4  class=\"\">Terapia Baseada em Evid\u00eancias<\/h4> <p  class=\"\">Imagine voc\u00ea sendo acompanhado em uma terapia comprovada em pesquisas cient\u00edficas, com resultados.<br >\nAs minhas interven\u00e7\u00f5es ser\u00e3o cuidadosamente baseadas em estudos com alto grau de resolu\u00e7\u00e3o, para que voc\u00ea atinja melhora o mais breve poss\u00edvel.<br >\nE, finalmente, possa viver uma vida mais saud\u00e1vel e equilibrada. Sem ser paralisado pela ansiedade.<\/p> <a class=\"button color1\" href=\"https:\/\/wa.me\/5511950000504\" target=\"_blank\" data-cp-link=\"1\" data-icon=\"\" rel=\"noopener\">SAIBA MAIS<\/a><\/div> <\/div><\/div> <div  class=\"row bg-color-white shadow-medium\"><div  class=\"col-xs-12 col-sm-6 content-col col-padding col-padding-xs\"> <div  class=\"col-padding\" data-type=\"column\"><h4  class=\"\">Terapia Cognitivo-Comportamental<\/h4> <p  class=\"\"><\/p><div  class=\"\">Na Terapia Cognitivo Comportamental (TCC),<\/div><div  class=\"\">&nbsp;eu participo ativamente das sess\u00f5es. Ajudando<\/div><div  class=\"\">voc\u00ea a superar os desafios.<\/div><div  class=\"\">Atrav\u00e9s das minhas interven\u00e7\u00f5es iremos cuidadosamente transformar os seus padr\u00f5es de pensamentos, que est\u00e3o fazendo voc\u00ea sofrer de ansiedade.&nbsp;<\/div><div  class=\"\">Compreendendo como seus pensamentos moldam<\/div><div  class=\"\">suas emo\u00e7\u00f5es e a\u00e7\u00f5es, a TCC oferece as ferramentas necess\u00e1rias para reformular seus pensamentos e vencer<\/div><div  class=\"\">os desafios emocionais. Para que voc\u00ea retome<\/div><div  class=\"\">o controle de sua vida.<\/div> <a class=\"button color1\" href=\"https:\/\/wa.me\/5511950000504\" target=\"_blank\" data-cp-link=\"1\" data-icon=\"\" rel=\"noopener\">SAIBA MAIS<\/a><\/div> <\/div> <div  class=\"col-xs-12 col-sm-6 image-col second-image-col first-xs last-sm\" data-bg=\"image\" style=\"background-image: url(&quot;https:\/\/isabelesartori.com.br\/wp-content\/uploads\/2024\/03\/cropped-accompaniment-abortion-process-scaled-1.jpg&quot;);\"><\/div> <\/div><\/div> <\/div><div  data-label=\"About\" data-id=\"about--1\" data-export-id=\"about-2\" data-category=\"about\" class=\"about-2 content-section content-section-spacing\" id=\"about-2\" style=\"background-color: rgb(255, 255, 255);\"><div  class=\"gridContainer\"> <div  class=\"row\"><div  class=\"col-sm-6 no-gutter-col flexbox-strech center-xs middle-xs\"> <div  class=\"lightbox-video dark-overlay shadow-large overlap-right-large flexbox middle-xs center-xs\" data-type=\"group\" data-bg=\"image\" style=\"background-image: url(&quot;https:\/\/isabelesartori.com.br\/wp-content\/uploads\/2021\/02\/cropped-shutterstock_1374539876-1.jpg&quot;);\"> <a  data-fancybox=\"\" data-video-lightbox=\"true\" href=\"https:\/\/wa.me\/5511950000504\" class=\"\"> <i  data-cp-fa=\"true\" class=\"fa video-icon fa-whatsapp color7\"><\/i><\/a> <\/div><\/div> <div  class=\"col-sm-6 space-bottom-xs col-padding-small-xs col-sm-padding-large white-text content-col bg-color5\" data-type=\"column\"><h5  class=\"\">Como funciona?<\/h5> <h2  class=\"\">Atendimento<br ><font  face=\"Playfair Display, sans-serif\"><b ><i >On-Line<\/i><\/b><\/font><\/h2> <p  class=\"\">Fa\u00e7a o agendamento pr\u00e9vio e seja atendido em qualquer localidade<\/p><\/div> <\/div><\/div> <\/div><div  data-label=\"About\" data-id=\"about--2\" data-export-id=\"about-10\" data-category=\"about\" class=\"about-10 content-section content-section-spacing\" id=\"about-3\" style=\"background-color: rgb(255, 255, 255);\"><div  class=\"gridContainer\"> <div  class=\"row middle-sm text-center\"><div  class=\"col-sm-5 space-bottom-xs content-column\" data-type=\"column\"> <h5  class=\"\">SOBRE MIM<\/h5> <h2  class=\"\">Eu irei guiar voc\u00ea<br >\npara uma <span  style=\"font-family: &quot;Playfair Display&quot;, arial, helvetica, sans-serif; font-weight: 900; font-style: italic;\">vida com mais controle<\/span> das suas emo\u00e7\u00f5es\u2026<\/h2> <p  class=\"\">Apaixonada pelas quest\u00f5es do comportamento humano, me formei em Administra\u00e7\u00e3o de Empresas e posteriormente em Psicologia. Trabalho com o desenvolvimento humano na Psicologia Cl\u00ednica, atrav\u00e9s da Psicoterapia e do Acompanhamento<br >\nPsicol\u00f3gico, e no contexto profissional, com a<br >\nOrienta\u00e7\u00e3o Profissional e de Carreira.<br >\nAcredito na realiza\u00e7\u00e3o pessoal e profissional como experi\u00eancia que fortalece e eleva a autoestima e sensa\u00e7\u00e3o de satisfa\u00e7\u00e3o com a vida. Invisto constantemente em novos aprendizados e estudo cont\u00ednuo para manter e fortalecer o bom resultado do meu trabalho. Trabalhei em empresas multinacionais, consultorias especializadas e cl\u00ednicas psicol\u00f3gicas.<\/p> <a class=\"button color5\" href=\"https:\/\/wa.me\/5511950000504\" target=\"_blank\" data-cp-link=\"1\" data-icon=\"fa-whatsapp\" rel=\"noopener\"><span  class=\"button-icon fa fa-whatsapp\"><\/span>Fale comigo agora<\/a><\/div> <div  class=\"col-sm-7 flexbox middle-xs center-xs space-bottom-xs\"><div  class=\"overlay-box middle-xs center-xs flexbox\"> <div  class=\"overlay-box-offset offset-border shadow-medium border-color1 hide-xs\"><\/div> <img  decoding=\"async\" class=\"shadow-large\" data-size=\"485x705\" src=\"https:\/\/isabelesartori.com.br\/wp-content\/uploads\/2024\/03\/cropped-IMG_9930-Editar-scaled-1.jpg\" title=\"ISABELE SARTORI - PSIC\u00d3LOGA - CRP 06\/126067\" alt=\"ISABELE SARTORI - PSIC\u00d3LOGA - CRP 06\/126067\"><\/div> <\/div><\/div> <\/div><\/div><div  id=\"testimonials-5\" style=\"background-color: #f5fafd;\" data-label=\"Testimonials\" data-id=\"testimonials-5\" data-export-id=\"testimonials-5\" data-category=\"testimonials\" class=\"testimonials-5 content-section content-section-spacing\"><div  class=\"gridContainer\"> <div  class=\"row\"><div  data-type=\"column\" class=\"section-title-col\"> <h2  class=\"\" style=\"border-bottom-color: rgb(238, 182, 183);\">Opini\u00f5es<\/h2> <p  class=\"lead\">Melhorar o mundo, uma pessoa por vez.\n<\/p><\/div> <\/div> <div  class=\"row spaced-cols content-center-sm\" data-type=\"row\"> <div  class=\"col-sm-4\"> <div  class=\"card y-move bordered\" data-type=\"column\"> <i  class=\"fa fa-quote-right icon color1 small quotation-icon\"><\/i> <p  class=\"text-center\">Adoro a Isabele, ela me faz ver as coisas por outro \u00e2ngulo e me ajudou quando mais precisei. Mesmo quando estou em um dia ruim, vou na sess\u00e3o, converso com ela e saio feliz. Al\u00e9m disso ela \u00e9 sempre pontual, e atenciosa.<\/p> <img  decoding=\"async\" src=\"https:\/\/isabelesartori.com.br\/wp-content\/uploads\/2021\/02\/favicon-1.png\" class=\"round icon\" title=\"Isabele Sartori\" alt=\"Psic\u00f3loga para Brasileiros Expatriados\"> <h6  class=\"\">Juliana Casagrande<\/h6> <p  class=\"small italic\">via doctoralia<\/p><\/div> <\/div> <div  class=\"col-sm-4\"> <div  class=\"card y-move bordered\" data-type=\"column\"> <i  class=\"fa fa-quote-right icon color1 small quotation-icon\"><\/i> <p  class=\"text-center\">Acho que s\u00e3o apenas 4 meses que passo com a Dr. E desde a primeira consulta tenho melhorado em varios comportamentos, e melhorando cada vez mais, em todas as consultas me conduz a questionamentos .<br >\n\u00d3tima profissional tem me ajudado muito.<\/p> <img  decoding=\"async\" src=\"https:\/\/isabelesartori.com.br\/wp-content\/uploads\/2021\/02\/favicon-1.png\" class=\"round icon\" title=\"Isabele Sartori\" alt=\"Psic\u00f3loga para Brasileiros Expatriados\"> <h6  class=\"\">Diego da Silva<\/h6> <p  class=\"small italic\">&nbsp;via doctoralia<\/p><\/div> <\/div> <div  class=\"col-sm-4\"> <div  class=\"card y-move bordered\" data-type=\"column\"> <i  class=\"fa fa-quote-right icon color1 small quotation-icon\"><\/i> <p  class=\"text-center\">A terapia com sem d\u00favidas a melhor decis\u00e3o que tomei nesse ano.<br >\nA Isabele sabe conduzir com muita calma e respeito a sess\u00e3o. Me vejo melhor a cada dia gra\u00e7as ao seu trabalho excelente como psic\u00f3loga.<\/p> <img  decoding=\"async\" src=\"https:\/\/isabelesartori.com.br\/wp-content\/uploads\/2021\/02\/favicon-1.png\" class=\"round icon\" title=\"Isabele Sartori\" alt=\"Psic\u00f3loga para Brasileiros Expatriados\"> <h6  class=\"\">Daiane Cavalari Mancuzo<\/h6> <p  class=\"small italic\">via doctoralia<\/p><\/div> <\/div><\/div> <\/div><\/div><div  id=\"cta-1\" data-label=\"Cta\" data-id=\"cta-blue-section\" data-export-id=\"cta-blue-section\" data-category=\"cta\" class=\"cta-blue-section content-section content-section-spacing-medium bg-color1 white-text\" style=\"background-image: url(&quot;https:\/\/isabelesartori.com.br\/wp-content\/uploads\/2020\/04\/cropped-shutterstock_1276355827-scaled-1.jpg&quot;); background-color: rgb(112, 156, 193); background-size: cover; background-position: center top;\"><div  class=\"gridContainer\"> <div  class=\"row middle-xs\"><div  class=\"col-sm-8 space-bottom-xs\" data-type=\"column\"> <h2  class=\"\">Consulte a agenda da terapeuta<\/h2> <\/div> <div  class=\"col-sm-4 end-sm\" data-type=\"column\"> <a class=\"button color5\" href=\"https:\/\/wa.me\/5511950000504\" target=\"_blank\" data-cp-link=\"1\" data-icon=\"fa-whatsapp\" rel=\"noopener\"><span  class=\"button-icon fa fa-whatsapp\"><\/span>AGENDE UM HOR\u00c1RIO<\/a><\/div> <\/div><\/div> <\/div>","protected":false},"excerpt":{"rendered":"<p>Preocupa\u00e7\u00f5es excessivas desde acordar, at\u00e9 a hora de dormir, constantemente preocupado com o futuro Cora\u00e7\u00e3o acelerado sudorese, tremor e tens\u00e3o. Falta de controle do pr\u00f3prio corpo Medos irracionais &nbsp;Medo da morte e sensa\u00e7\u00e3o de que algo muito ruim ir\u00e1 acontecer Fuga das situa\u00e7\u00f5es que possam desencadear ansiedade, o que limita a sua vida Terapia Baseada&hellip; <br \/> <a class=\"read-more\" href=\"https:\/\/isabelesartori.com.br\/\">Read more<\/a><\/p>\n","protected":false},"author":2,"featured_media":0,"parent":0,"menu_order":0,"comment_status":"closed","ping_status":"closed","template":"page-templates\/homepage.php","meta":{"footnotes":""},"class_list":["post-146","page","type-page","status-publish","hentry"],"yoast_head":"<!-- This site is optimized with the Yoast SEO plugin v23.6 - https:\/\/yoast.com\/wordpress\/plugins\/seo\/ -->\n<title>Voc\u00ea precisa e pode mudar para melhor - Psic\u00f3loga Isabele Sartori<\/title>\n<meta name=\"description\" content=\"A oportunidade de transformar-se. O autoconhecimento dar\u00e1 clareza emocional e te permitir\u00e1 vencer barreiras e construir a vida que deseja.\" \/>\n<meta name=\"robots\" content=\"index, follow, max-snippet:-1, max-image-preview:large, max-video-preview:-1\" \/>\n<link rel=\"canonical\" href=\"https:\/\/isabelesartori.com.br\/\" \/>\n<meta property=\"og:locale\" content=\"pt_BR\" \/>\n<meta property=\"og:type\" content=\"article\" \/>\n<meta property=\"og:title\" content=\"Psic\u00f3loga Isabele Sartori - CRP 06\/126067\" \/>\n<meta property=\"og:description\" content=\"Domine suas emo\u00e7\u00f5es, seja dono de sua vida e esteja presente no agora. Conhe\u00e7a os benef\u00edcios da terapia para os principais resultados da sua vida.\" \/>\n<meta property=\"og:url\" content=\"https:\/\/isabelesartori.com.br\/\" \/>\n<meta property=\"og:site_name\" content=\"Psic\u00f3loga Isabele Sartori\" \/>\n<meta property=\"article:modified_time\" content=\"2024-04-16T18:10:14+00:00\" \/>\n<meta name=\"twitter:card\" content=\"summary_large_image\" \/>\n<meta name=\"twitter:title\" content=\"Psic\u00f3loga Isabele Sartori - CRP 06\/126067\" \/>\n<meta name=\"twitter:description\" content=\"Domine suas emo\u00e7\u00f5es, seja dono de sua vida e esteja presente no agora. Conhe\u00e7a os benef\u00edcios da terapia para os principais resultados da sua vida.\" \/>\n<meta name=\"twitter:label1\" content=\"Est. tempo de leitura\" \/>\n\t<meta name=\"twitter:data1\" content=\"4 minutos\" \/>\n<script type=\"application\/ld+json\" class=\"yoast-schema-graph\">{\"@context\":\"https:\/\/schema.org\",\"@graph\":[{\"@type\":\"WebPage\",\"@id\":\"https:\/\/isabelesartori.com.br\/\",\"url\":\"https:\/\/isabelesartori.com.br\/\",\"name\":\"Voc\u00ea precisa e pode mudar para melhor - Psic\u00f3loga Isabele Sartori\",\"isPartOf\":{\"@id\":\"https:\/\/isabelesartori.com.br\/#website\"},\"primaryImageOfPage\":{\"@id\":\"https:\/\/isabelesartori.com.br\/#primaryimage\"},\"image\":{\"@id\":\"https:\/\/isabelesartori.com.br\/#primaryimage\"},\"thumbnailUrl\":\"https:\/\/isabelesartori.com.br\/wp-content\/uploads\/2024\/03\/cropped-IMG_9930-Editar-scaled-1.jpg\",\"datePublished\":\"2021-01-31T01:23:07+00:00\",\"dateModified\":\"2024-04-16T18:10:14+00:00\",\"description\":\"A oportunidade de transformar-se. O autoconhecimento dar\u00e1 clareza emocional e te permitir\u00e1 vencer barreiras e construir a vida que deseja.\",\"breadcrumb\":{\"@id\":\"https:\/\/isabelesartori.com.br\/#breadcrumb\"},\"inLanguage\":\"pt-BR\",\"potentialAction\":[{\"@type\":\"ReadAction\",\"target\":[\"https:\/\/isabelesartori.com.br\/\"]}]},{\"@type\":\"ImageObject\",\"inLanguage\":\"pt-BR\",\"@id\":\"https:\/\/isabelesartori.com.br\/#primaryimage\",\"url\":\"https:\/\/isabelesartori.com.br\/wp-content\/uploads\/2024\/03\/cropped-IMG_9930-Editar-scaled-1.jpg\",\"contentUrl\":\"https:\/\/isabelesartori.com.br\/wp-content\/uploads\/2024\/03\/cropped-IMG_9930-Editar-scaled-1.jpg\",\"width\":1706,\"height\":2482,\"caption\":\"ISABELE SARTORI - PSIC\u00d3LOGA - CRP 06\/126067\"},{\"@type\":\"BreadcrumbList\",\"@id\":\"https:\/\/isabelesartori.com.br\/#breadcrumb\",\"itemListElement\":[{\"@type\":\"ListItem\",\"position\":1,\"name\":\"In\u00edcio\",\"item\":\"https:\/\/isabelesartori.com.br\/\"},{\"@type\":\"ListItem\",\"position\":2,\"name\":\"Voc\u00ea precisa e pode mudar para melhor\"}]},{\"@type\":\"WebSite\",\"@id\":\"https:\/\/isabelesartori.com.br\/#website\",\"url\":\"https:\/\/isabelesartori.com.br\/\",\"name\":\"Psic\u00f3loga Isabele Sartori\",\"description\":\"CRP 06\/126067\",\"publisher\":{\"@id\":\"https:\/\/isabelesartori.com.br\/#\/schema\/person\/6a432a8091fa1f38520c8084c27c3b37\"},\"potentialAction\":[{\"@type\":\"SearchAction\",\"target\":{\"@type\":\"EntryPoint\",\"urlTemplate\":\"https:\/\/isabelesartori.com.br\/?s={search_term_string}\"},\"query-input\":{\"@type\":\"PropertyValueSpecification\",\"valueRequired\":true,\"valueName\":\"search_term_string\"}}],\"inLanguage\":\"pt-BR\"},{\"@type\":[\"Person\",\"Organization\"],\"@id\":\"https:\/\/isabelesartori.com.br\/#\/schema\/person\/6a432a8091fa1f38520c8084c27c3b37\",\"name\":\"admin\",\"image\":{\"@type\":\"ImageObject\",\"inLanguage\":\"pt-BR\",\"@id\":\"https:\/\/isabelesartori.com.br\/#\/schema\/person\/image\/\",\"url\":\"https:\/\/isabelesartori.com.br\/wp-content\/uploads\/2021\/02\/12079133_10208021765727537_2833353235278593303_n.jpg\",\"contentUrl\":\"https:\/\/isabelesartori.com.br\/wp-content\/uploads\/2021\/02\/12079133_10208021765727537_2833353235278593303_n.jpg\",\"width\":720,\"height\":960,\"caption\":\"admin\"},\"logo\":{\"@id\":\"https:\/\/isabelesartori.com.br\/#\/schema\/person\/image\/\"},\"sameAs\":[\"https:\/\/isabelesartori.com.br\"]}]}<\/script>\n<!-- \/ Yoast SEO plugin. -->","yoast_head_json":{"title":"Voc\u00ea precisa e pode mudar para melhor - Psic\u00f3loga Isabele Sartori","description":"A oportunidade de transformar-se. O autoconhecimento dar\u00e1 clareza emocional e te permitir\u00e1 vencer barreiras e construir a vida que deseja.","robots":{"index":"index","follow":"follow","max-snippet":"max-snippet:-1","max-image-preview":"max-image-preview:large","max-video-preview":"max-video-preview:-1"},"canonical":"https:\/\/isabelesartori.com.br\/","og_locale":"pt_BR","og_type":"article","og_title":"Psic\u00f3loga Isabele Sartori - CRP 06\/126067","og_description":"Domine suas emo\u00e7\u00f5es, seja dono de sua vida e esteja presente no agora. Conhe\u00e7a os benef\u00edcios da terapia para os principais resultados da sua vida.","og_url":"https:\/\/isabelesartori.com.br\/","og_site_name":"Psic\u00f3loga Isabele Sartori","article_modified_time":"2024-04-16T18:10:14+00:00","twitter_card":"summary_large_image","twitter_title":"Psic\u00f3loga Isabele Sartori - CRP 06\/126067","twitter_description":"Domine suas emo\u00e7\u00f5es, seja dono de sua vida e esteja presente no agora. Conhe\u00e7a os benef\u00edcios da terapia para os principais resultados da sua vida.","twitter_misc":{"Est. tempo de leitura":"4 minutos"},"schema":{"@context":"https:\/\/schema.org","@graph":[{"@type":"WebPage","@id":"https:\/\/isabelesartori.com.br\/","url":"https:\/\/isabelesartori.com.br\/","name":"Voc\u00ea precisa e pode mudar para melhor - Psic\u00f3loga Isabele Sartori","isPartOf":{"@id":"https:\/\/isabelesartori.com.br\/#website"},"primaryImageOfPage":{"@id":"https:\/\/isabelesartori.com.br\/#primaryimage"},"image":{"@id":"https:\/\/isabelesartori.com.br\/#primaryimage"},"thumbnailUrl":"https:\/\/isabelesartori.com.br\/wp-content\/uploads\/2024\/03\/cropped-IMG_9930-Editar-scaled-1.jpg","datePublished":"2021-01-31T01:23:07+00:00","dateModified":"2024-04-16T18:10:14+00:00","description":"A oportunidade de transformar-se. O autoconhecimento dar\u00e1 clareza emocional e te permitir\u00e1 vencer barreiras e construir a vida que deseja.","breadcrumb":{"@id":"https:\/\/isabelesartori.com.br\/#breadcrumb"},"inLanguage":"pt-BR","potentialAction":[{"@type":"ReadAction","target":["https:\/\/isabelesartori.com.br\/"]}]},{"@type":"ImageObject","inLanguage":"pt-BR","@id":"https:\/\/isabelesartori.com.br\/#primaryimage","url":"https:\/\/isabelesartori.com.br\/wp-content\/uploads\/2024\/03\/cropped-IMG_9930-Editar-scaled-1.jpg","contentUrl":"https:\/\/isabelesartori.com.br\/wp-content\/uploads\/2024\/03\/cropped-IMG_9930-Editar-scaled-1.jpg","width":1706,"height":2482,"caption":"ISABELE SARTORI - PSIC\u00d3LOGA - CRP 06\/126067"},{"@type":"BreadcrumbList","@id":"https:\/\/isabelesartori.com.br\/#breadcrumb","itemListElement":[{"@type":"ListItem","position":1,"name":"In\u00edcio","item":"https:\/\/isabelesartori.com.br\/"},{"@type":"ListItem","position":2,"name":"Voc\u00ea precisa e pode mudar para melhor"}]},{"@type":"WebSite","@id":"https:\/\/isabelesartori.com.br\/#website","url":"https:\/\/isabelesartori.com.br\/","name":"Psic\u00f3loga Isabele Sartori","description":"CRP 06\/126067","publisher":{"@id":"https:\/\/isabelesartori.com.br\/#\/schema\/person\/6a432a8091fa1f38520c8084c27c3b37"},"potentialAction":[{"@type":"SearchAction","target":{"@type":"EntryPoint","urlTemplate":"https:\/\/isabelesartori.com.br\/?s={search_term_string}"},"query-input":{"@type":"PropertyValueSpecification","valueRequired":true,"valueName":"search_term_string"}}],"inLanguage":"pt-BR"},{"@type":["Person","Organization"],"@id":"https:\/\/isabelesartori.com.br\/#\/schema\/person\/6a432a8091fa1f38520c8084c27c3b37","name":"admin","image":{"@type":"ImageObject","inLanguage":"pt-BR","@id":"https:\/\/isabelesartori.com.br\/#\/schema\/person\/image\/","url":"https:\/\/isabelesartori.com.br\/wp-content\/uploads\/2021\/02\/12079133_10208021765727537_2833353235278593303_n.jpg","contentUrl":"https:\/\/isabelesartori.com.br\/wp-content\/uploads\/2021\/02\/12079133_10208021765727537_2833353235278593303_n.jpg","width":720,"height":960,"caption":"admin"},"logo":{"@id":"https:\/\/isabelesartori.com.br\/#\/schema\/person\/image\/"},"sameAs":["https:\/\/isabelesartori.com.br"]}]}},"_links":{"self":[{"href":"https:\/\/isabelesartori.com.br\/index.php\/wp-json\/wp\/v2\/pages\/146","targetHints":{"allow":["GET"]}}],"collection":[{"href":"https:\/\/isabelesartori.com.br\/index.php\/wp-json\/wp\/v2\/pages"}],"about":[{"href":"https:\/\/isabelesartori.com.br\/index.php\/wp-json\/wp\/v2\/types\/page"}],"author":[{"embeddable":true,"href":"https:\/\/isabelesartori.com.br\/index.php\/wp-json\/wp\/v2\/users\/2"}],"replies":[{"embeddable":true,"href":"https:\/\/isabelesartori.com.br\/index.php\/wp-json\/wp\/v2\/comments?post=146"}],"version-history":[{"count":32,"href":"https:\/\/isabelesartori.com.br\/index.php\/wp-json\/wp\/v2\/pages\/146\/revisions"}],"predecessor-version":[{"id":336,"href":"https:\/\/isabelesartori.com.br\/index.php\/wp-json\/wp\/v2\/pages\/146\/revisions\/336"}],"wp:attachment":[{"href":"https:\/\/isabelesartori.com.br\/index.php\/wp-json\/wp\/v2\/media?parent=146"}],"curies":[{"name":"wp","href":"https:\/\/api.w.org\/{rel}","templated":true}]}}